{"id":16,"date":"2024-01-02T09:20:02","date_gmt":"2024-01-02T09:20:02","guid":{"rendered":"https:\/\/emmanuelchurch.de\/?page_id=16"},"modified":"2025-06-04T15:22:53","modified_gmt":"2025-06-04T15:22:53","slug":"impressum","status":"publish","type":"page","link":"https:\/\/emmanuelchurch.de\/de_de\/impressum\/","title":{"rendered":"IMPRESSUM"},"content":{"rendered":"\n<p><strong>Angaben gem\u00e4\u00df \u00a7 5 TMG:<\/strong><\/p>\n\n\n\n<p>Ein Projekt von OM Deutschland<\/p>\n\n\n\n<p>Alte Neckarelzer Stra\u00dfe 2, 74821 Mosbach.<\/p>\n\n\n\n<p><strong>Tel:<\/strong>&nbsp; 06261 947-0<\/p>\n\n\n\n<p><strong>Fax:<\/strong>&nbsp;06261 947-147<\/p>\n\n\n\n<p><a href=\"mailto:info@weltbeweger.eu\">info.de@om.org<\/a><\/p>\n\n\n\n<p><strong>Tel:<\/strong>&nbsp;0174 \u2013 3518913<\/p>\n\n\n\n<p>Inhaltliche Verantwortung nach \u00a7 6 MDStV: Daniel Brosi<\/p>\n\n\n\n<p>E-Mail: emmanuelchemnitz@gmail.com<\/p>\n\n\n\n<p>Gemeinschaftlich vertretungsberechtigter Vorstand im Sinne des \u00a7 \u00a7 26 BGB<\/p>\n\n\n\n<p>Markus Scheerle (Vorsitzender), Anett Schubert (stellv. Vorsitzender)<br>Adresse s. o.<\/p>\n\n\n\n<p>Registereintrag:<\/p>\n\n\n\n<p>Eintragung im Vereinsregister.<\/p>\n\n\n\n<p>Registergericht: Amtsgericht Mannheim<\/p>\n\n\n\n<p>Registernummer: VR 440471<\/p>\n\n\n\n<p>Umsatzsteueridentifikationsnummer gem\u00e4\u00df \u00a7 27a UStG<\/p>\n\n\n\n<p>DE 144031730<\/p>\n\n\n\n<p>Haftungsausschluss (Disclaimer)<\/p>\n\n\n\n<p>Haftung f\u00fcr Inhalte<\/p>\n\n\n\n<p>Als Diensteanbieter sind wir gem\u00e4\u00df \u00a7 7 Abs.1 TMG f\u00fcr eigene Inhalte auf diesen Seiten nach den allgemeinen Gesetzen verantwortlich. Nach \u00a7\u00a7 8 bis 10 TMG sind wir als Diensteanbieter jedoch nicht verpflichtet, \u00fcbermittelte oder gespeicherte fremde Informationen zu \u00fcberwachen oder nach Umst\u00e4nden zu forschen, die auf eine rechtswidrige T\u00e4tigkeit hinweisen. Verpflichtungen zur Entfernung oder Sperrung der Nutzung von Informationen nach den allgemeinen Gesetzen bleiben hiervon unber\u00fchrt. Eine diesbez\u00fcgliche Haftung ist jedoch erst ab dem Zeitpunkt der Kenntnis einer konkreten Rechtsverletzung m\u00f6glich. Bei Bekanntwerden von entsprechenden Rechtsverletzungen werden wir diese Inhalte umgehend entfernen.<\/p>\n\n\n\n<p>Haftung f\u00fcr Links<\/p>\n\n\n\n<p>Unser Angebot enth\u00e4lt Links zu externen Webseiten Dritter, auf deren Inhalte wir keinen Einfluss haben. Deshalb k\u00f6nnen wir f\u00fcr diese fremden Inhalte auch keine Gew\u00e4hr \u00fcbernehmen. F\u00fcr die Inhalte der verlinkten Seiten ist stets der jeweilige Anbieter oder Betreiber der Seiten verantwortlich. Die verlinkten Seiten wurden zum Zeitpunkt der Verlinkung auf m\u00f6gliche Rechtsverst\u00f6\u00dfe \u00fcberpr\u00fcft. Rechtswidrige Inhalte waren zum Zeitpunkt der Verlinkung nicht erkennbar. Eine permanente inhaltliche Kontrolle der verlinkten Seiten ist jedoch ohne konkrete Anhaltspunkte einer Rechtsverletzung nicht zumutbar. Bei Bekanntwerden von Rechtsverletzungen werden wir derartige Links umgehend entfernen.<\/p>\n","protected":false},"excerpt":{"rendered":"<p>Angaben gem\u00e4\u00df \u00a7 5 TMG: Ein Projekt von OM Deutschland Alte Neckarelzer Stra\u00dfe 2, 74821 Mosbach. Tel:&nbsp; 06261 947-0 Fax:&nbsp;06261 947-147 info.de@om.org<span class=\"more-button\"><a href=\"https:\/\/emmanuelchurch.de\/de_de\/impressum\/\" class=\"more-link more-icon\">Continue reading<span class=\"screen-reader-text\">IMPRESSUM<\/span><\/a><\/span><\/p>\n","protected":false},"author":1,"featured_media":0,"parent":0,"menu_order":0,"comment_status":"closed","ping_status":"closed","template":"","meta":{"footnotes":""},"jetpack_sharing_enabled":true,"_links":{"self":[{"href":"https:\/\/emmanuelchurch.de\/de_de\/wp-json\/wp\/v2\/pages\/16"}],"collection":[{"href":"https:\/\/emmanuelchurch.de\/de_de\/wp-json\/wp\/v2\/pages"}],"about":[{"href":"https:\/\/emmanuelchurch.de\/de_de\/wp-json\/wp\/v2\/types\/page"}],"author":[{"embeddable":true,"href":"https:\/\/emmanuelchurch.de\/de_de\/wp-json\/wp\/v2\/users\/1"}],"replies":[{"embeddable":true,"href":"https:\/\/emmanuelchurch.de\/de_de\/wp-json\/wp\/v2\/comments?post=16"}],"version-history":[{"count":2,"href":"https:\/\/emmanuelchurch.de\/de_de\/wp-json\/wp\/v2\/pages\/16\/revisions"}],"predecessor-version":[{"id":402,"href":"https:\/\/emmanuelchurch.de\/de_de\/wp-json\/wp\/v2\/pages\/16\/revisions\/402"}],"wp:attachment":[{"href":"https:\/\/emmanuelchurch.de\/de_de\/wp-json\/wp\/v2\/media?parent=16"}],"curies":[{"name":"wp","href":"https:\/\/api.w.org\/{rel}","templated":true}]}}