{"id":26,"date":"2024-01-02T09:30:54","date_gmt":"2024-01-02T09:30:54","guid":{"rendered":"https:\/\/emmanuelchurch.de\/?page_id=26"},"modified":"2024-01-02T09:33:18","modified_gmt":"2024-01-02T09:33:18","slug":"was-wir-glauben","status":"publish","type":"page","link":"https:\/\/emmanuelchurch.de\/fa\/was-wir-glauben\/","title":{"rendered":"Was wir glauben?"},"content":{"rendered":"<p>\u0645\u0627 \u0645\u0639\u062a\u0642\u062f \u0646\u06cc\u0633\u062a\u06cc\u0645 \u06a9\u0647 \u0647\u0645\u0647 \u0627\u062f\u06cc\u0627\u0646 \u06cc\u06a9\u0633\u0627\u0646 \u0647\u0633\u062a\u0646\u062f \u0648 \u0645\u0627 \u0641\u0642\u0637 \u0628\u0647 \u062c\u0646\u0628\u0647 \u0647\u0627\u06cc \u0645\u062e\u062a\u0644\u0641 \u06cc\u06a9 \u0641\u06cc\u0644 \u0628\u0632\u0631\u06af \u0646\u06af\u0627\u0647 \u0645\u06cc \u06a9\u0646\u06cc\u0645.<\/p>\n\n\n\n<p>\u0628\u0646\u0627\u0628\u0631\u0627\u06cc\u0646 \u0645\u0627\u0645\u0648\u0631\u06cc\u062a \u0647\u0633\u062a\u0647 \u0627\u0635\u0644\u06cc \u06a9\u0627\u0631 \u0645\u0627 \u0627\u0633\u062a.<\/p>\n\n\n\n<p>Wir Deutsche sind dankbar, dass wir f\u00fcr Mission nicht mehr unser Land, unseren Wohlstand und unsere Sicherheit verlassen m\u00fcssen, sondern dass wir Weltmission einfach vor Ort betreiben k\u00f6nnen. Das macht vieles einfacher. Coachpotato-Mission sozusagen<\/p>\n\n\n\n<p>Das aber ist auch unsere Verantwortung: Denen das Evangelium bringen, die von Gott extra soweit hergef\u00fchrt wurden. Gnade uns Gott, wenn wir diese Verantwortung nicht wahr nehmen.<\/p>\n\n\n\n<p>Wir sind dankbar, dass uns schon viele Menschen aus dem persischen und arabischen Raum dabei unterst\u00fctzen:<\/p>\n\n\n\n<p>Emmanuel Church Chemnitz ist ein internationales Glaubensprojekt in Chemnitz.<br>Gottesdienste und Glaubensarbeit finden auf Deutsch, Persisch, Arabisch und Englisch statt.<br>Wir unterscheiden uns in Kultur und Sprache, aber uns eint der Glaube an Jesus Christus, der f\u00fcr jeden von uns gestorben und auferstanden ist und uns dadurch von der S\u00fcnde befreit und das ewige Leben in Gottes Reich schenkt. Deshalb wollen wir Jesus Christus mit unserem Leben nachfolgen.<\/p>\n\n\n\n<p><strong>Wir glauben, \u2026<\/strong><\/p>\n\n\n\n<p>\u2026 <strong>an Gott, den Vater<\/strong>, den Allm\u00e4chtigen, den Sch\u00f6pfer des Himmels und der Erde.<\/p>\n\n\n\n<p>\u2026. <strong>an Jesus Christus, seinen eingeborenen Sohn<\/strong>, unseren Herrn, empfangen durch den Heiligen Geist, geboren von der Jungfrau Maria, gelitten unter Pontius Pilatus, gekreuzigt, gestorben und begraben, hinabgestiegen in das Reich der Toten und am dritten Tage auferstanden von den Toten, aufgefahren in den Himmel; er sitzt zur Rechten Gottes, des allm\u00e4chtigen Vaters; von dort wird er kommen, zu richten die Lebenden und die Toten.<\/p>\n\n\n\n<p>\u2026 <strong>an den Heiligen Geist<\/strong>, die Gemeinschaft der Kinder Gottes, die Kirche unseres Herrn, Vergebung der S\u00fcnden, Auferstehung der Toten und das ewige Leben.\u2026 dass der dreieinige Gott aus Vater, Sohn und Heiliger Geist besteht.<br>\u2026 dass der Mensch S\u00fcnder ist, daher dass die Menschheit von Gott, aufgrund der \u00dcbertretung von Gottes Gesetzten, getrennt ist.<br>\u2026 dass der Mensch es nicht von sich aus schafft in den Himmel zu kommen.<br>\u2026 dass eine un\u00fcberbr\u00fcckbare Kluft zwischen Gott und dem Menschen besteht, die nur einer schlie\u00dfen konnte: Jesus Christus.<br>\u2026 dass der einzige Weg in den Himmel und die Vers\u00f6hnung mit Gott allein durch Jesus geschieht.<br>\u2026. dass bei der Nachfolge Jesu auch die Gemeinschaft der Gl\u00e4ubigen, die Taufe und das Abendmahl, das Gebet, Bibel lesen und das Geben\/Teilen mit eingeschlossen ist.<br>\u2026 dass die Bibel das Wort Gottes ist.<br>\u2026 dass die Bibel die Verhaltungsanleitung und die Lehrgrundlage der christlichen Gemeinde ist.<br>\u2026 dass Gott auch heute noch wirkt.<\/p>","protected":false},"excerpt":{"rendered":"<p>Wir sind nicht der Meinung, dass alle Religionen gleich sind und dass wir nur die verschiedenen Seiten eines gro\u00dfen Elefanten betrachten. Mission<span class=\"more-button\"><a href=\"https:\/\/emmanuelchurch.de\/fa\/was-wir-glauben\/\" class=\"more-link more-icon\">Continue reading<span class=\"screen-reader-text\">Was wir glauben?<\/span><\/a><\/span><\/p>","protected":false},"author":1,"featured_media":0,"parent":0,"menu_order":0,"comment_status":"closed","ping_status":"closed","template":"","meta":{"footnotes":""},"jetpack_sharing_enabled":true,"_links":{"self":[{"href":"https:\/\/emmanuelchurch.de\/fa\/wp-json\/wp\/v2\/pages\/26"}],"collection":[{"href":"https:\/\/emmanuelchurch.de\/fa\/wp-json\/wp\/v2\/pages"}],"about":[{"href":"https:\/\/emmanuelchurch.de\/fa\/wp-json\/wp\/v2\/types\/page"}],"author":[{"embeddable":true,"href":"https:\/\/emmanuelchurch.de\/fa\/wp-json\/wp\/v2\/users\/1"}],"replies":[{"embeddable":true,"href":"https:\/\/emmanuelchurch.de\/fa\/wp-json\/wp\/v2\/comments?post=26"}],"version-history":[{"count":2,"href":"https:\/\/emmanuelchurch.de\/fa\/wp-json\/wp\/v2\/pages\/26\/revisions"}],"predecessor-version":[{"id":31,"href":"https:\/\/emmanuelchurch.de\/fa\/wp-json\/wp\/v2\/pages\/26\/revisions\/31"}],"wp:attachment":[{"href":"https:\/\/emmanuelchurch.de\/fa\/wp-json\/wp\/v2\/media?parent=26"}],"curies":[{"name":"wp","href":"https:\/\/api.w.org\/{rel}","templated":true}]}}