{"id":28,"date":"2024-01-02T09:31:37","date_gmt":"2024-01-02T09:31:37","guid":{"rendered":"https:\/\/emmanuelchurch.de\/?page_id=28"},"modified":"2024-01-19T12:28:37","modified_gmt":"2024-01-19T12:28:37","slug":"emmanuel-church-den-griechen-ein-grieche-sein","status":"publish","type":"page","link":"https:\/\/emmanuelchurch.de\/fa\/emmanuel-church-den-griechen-ein-grieche-sein\/","title":{"rendered":"Emmanuel Church \u2013 den Griechen ein Grieche sein"},"content":{"rendered":"<p>Im 16. Jahrhundert begannen die Jesuiten eine erste und teilweise sehr erfolgreiche Mission in China. Viele Bewohner des chinesischen Reiches nahmen den Glauben an Jesus an, sodass sogar der chinesische Kaiser begann sich f\u00fcr das Christentum zu interessieren. Er bestellte die Vertreter der Jesuiten zu sich und erwog, das Christentum zur offiziellen Religion in China zu machen. Bedingung war f\u00fcr den stolzen Kaiser aber, dass der Gottesdienst in der Landessprache und nicht wie vorgeschrieben, in der lateinischen Sprache, die keiner seiner Untertanen verstand, stattfinden sollte. Wie sonst sollten sie im Gottesdienst Jesus und seine Worte lieben lernen und diese in ihrem Leben umsetzen? Die chinesischen Missionare haben den Vatikan immer wieder darum gebeten, diese Erlaubnis f\u00fcr einen Gottesdienst in der Landessprache zu bekommen. Aber ihr Ansinnen verhallte ungeh\u00f6rt. Das hatte verschiedene politische Gr\u00fcnde und auch Intrigen spielten eine Rolle. Eine Genehmigung durch den Papst blieb aber letztendlich aus (<a href=\"https:\/\/web.archive.org\/web\/20230601123621\/http:\/\/bibelschule-chemnitz.de\/1-korinther-9-15-23-die-haltung-des-paulus-bei-der-verkuendigung-des-evangeliums\/\">Weitere Details und Nachweise).<\/a><\/p>\n\n\n\n<p>Man kann sich nicht ausmalen, was es bedeutet h\u00e4tte, wenn der Vatikan seine Genehmigung erteilt h\u00e4tte und wie unsere Welt dann heute auss\u00e4he.<\/p>\n\n\n\n<p>Paulus hatte es zu seinem Lebensmotto gemacht, den Griechen ein Grieche und den Juden ein Jude zu sein (1. Korinther 9, 20-22). Hudson Taylor, der gro\u00dfe Chinamissionar hat den Fehler des Vatikan nicht wiederholt und hat sich in allem bis hin zur Kleidung der chinesischen Kultur angepasst und ihr dadurch auch seinen Respekt erwiesen.<\/p>\n\n\n\n<p>Emmanuel Chemnitz will den Persern ein Perser, den Afghanen ein Afghane und den Arabern ein Araber sein.<\/p>\n\n\n\n<p>Wir wollen verhindern, dass Menschen keine Christen werden, weil sie die deutsche Sprache nicht verstehen und sie sich der deutschen Kultur der Gottesdienste anpassen m\u00fcssten, die ihnen v\u00f6llig fremd ist.<\/p>","protected":false},"excerpt":{"rendered":"<p>Im 16. Jahrhundert begannen die Jesuiten eine erste und teilweise sehr erfolgreiche Mission in China. Viele Bewohner des chinesischen Reiches nahmen den<span class=\"more-button\"><a href=\"https:\/\/emmanuelchurch.de\/fa\/emmanuel-church-den-griechen-ein-grieche-sein\/\" class=\"more-link more-icon\">Continue reading<span class=\"screen-reader-text\">Emmanuel Church \u2013 den Griechen ein Grieche sein<\/span><\/a><\/span><\/p>","protected":false},"author":1,"featured_media":0,"parent":0,"menu_order":0,"comment_status":"closed","ping_status":"closed","template":"","meta":{"footnotes":""},"jetpack_sharing_enabled":true,"_links":{"self":[{"href":"https:\/\/emmanuelchurch.de\/fa\/wp-json\/wp\/v2\/pages\/28"}],"collection":[{"href":"https:\/\/emmanuelchurch.de\/fa\/wp-json\/wp\/v2\/pages"}],"about":[{"href":"https:\/\/emmanuelchurch.de\/fa\/wp-json\/wp\/v2\/types\/page"}],"author":[{"embeddable":true,"href":"https:\/\/emmanuelchurch.de\/fa\/wp-json\/wp\/v2\/users\/1"}],"replies":[{"embeddable":true,"href":"https:\/\/emmanuelchurch.de\/fa\/wp-json\/wp\/v2\/comments?post=28"}],"version-history":[{"count":1,"href":"https:\/\/emmanuelchurch.de\/fa\/wp-json\/wp\/v2\/pages\/28\/revisions"}],"predecessor-version":[{"id":29,"href":"https:\/\/emmanuelchurch.de\/fa\/wp-json\/wp\/v2\/pages\/28\/revisions\/29"}],"wp:attachment":[{"href":"https:\/\/emmanuelchurch.de\/fa\/wp-json\/wp\/v2\/media?parent=28"}],"curies":[{"name":"wp","href":"https:\/\/api.w.org\/{rel}","templated":true}]}}